
{"id":7223,"date":"2023-06-07T12:45:37","date_gmt":"2023-06-07T12:45:37","guid":{"rendered":"https:\/\/www.theimaginarycolors.com\/?page_id=7223"},"modified":"2024-04-03T11:58:31","modified_gmt":"2024-04-03T11:58:31","slug":"manufacturer","status":"publish","type":"page","link":"https:\/\/www.theimaginarycolors.com\/ru\/manufacturer\/","title":{"rendered":"Manufacturer"},"content":{"rendered":"\t\t<div data-elementor-type=\"wp-page\" data-elementor-id=\"7223\" class=\"elementor elementor-7223 elementor-6704\">\n\t\t\t\t\t\t<section class=\"elementor-section elementor-top-section elementor-element elementor-element-6ca2017f elementor-section-boxed elementor-section-height-default elementor-section-height-default mkdf-parallax-row-no mkdf-content-aligment-left mkdf-elementor-row-grid-no mkdf-disabled-bg-image-bellow-no\" data-id=\"6ca2017f\" data-element_type=\"section\" data-e-type=\"section\">\n\t\t\t\t\t\t<div class=\"elementor-container elementor-column-gap-default\">\n\t\t\t\t\t<div class=\"elementor-column elementor-col-100 elementor-top-column elementor-element elementor-element-8927eb6\" data-id=\"8927eb6\" data-element_type=\"column\" data-e-type=\"column\">\n\t\t\t<div class=\"elementor-widget-wrap elementor-element-populated\">\n\t\t\t\t\t\t<div class=\"elementor-element elementor-element-165956a elementor-widget elementor-widget-text-editor\" data-id=\"165956a\" data-element_type=\"widget\" data-e-type=\"widget\" data-widget_type=\"text-editor.default\">\n\t\t\t\t<div class=\"elementor-widget-container\">\n\t\t\t\t\t\t\t\t\t<p><var style=\"font-size:225px;left: -22px;top: -40px\" id=\"mkdf-st-background-text-556\" data-font-size=\"180px\" data-horizontal-offset=\"38px\" data-vertical-offset=\"-37px\"><br>\nFabricamos?            <\/var><\/p>\n<h2>\n            \u00bfSab\u00edas que<\/h2>\n<h4><strong>\u00abIMAGINARY COLORS IS A LEADER IN THE THIRD-PARTY MANUFACTURING FIELD. WE HAVE OUR OWN LABORATORY TO CREATE YOUR BRAND AND PRODUCTS\u00bb&nbsp;<\/strong><\/h4>\n<p>With more than <strong>75 years of experience as a cosmetics laboratory<\/strong>, our production process allows us to create your product line from start to finish.<\/p>\n<p>We have an <strong>excellent R&amp;D team<\/strong> that will accompany you throughout the creation process, so that your brand and your cosmetic products are a success.<\/p>\n<p><var style=\"font-size:225px\" id=\"mkdf-is-background-text-196\"><br>\n\u00c9xito        <\/var><\/p>\n<h5>\n            barcelona \u2022 since 2014<\/h5>\n<h3>\n            Tu \u00e9xito es nuestra motivaci\u00f3n<\/h3>\n<p><a itemprop=\"url\" href=\"#contacto\" target=\"_self\" rel=\"noopener\">    Empieza ahora tu marca    <\/a><\/p>\n<p>We have an <strong>extensive team of professionals who will lead your brand to success<\/strong> in all its stages:<\/p>\n<ul>\n<li><strong>R&amp;D<\/strong> (innovation and development in cosmetics)<\/li>\n<li><strong>Manufacturing<\/strong> in our laboratories<\/li>\n<li>Customized <strong>packaging<\/strong><\/li>\n<li><strong>Quality control<\/strong> and legal processes<\/li>\n<li><strong>Logistics<\/strong> and distribution<\/li>\n<li>Start creating your brand with Imaginary Colors!<\/li>\n<\/ul>\n<p><var style=\"font-size:225px;left: -22px;top: -40px\" id=\"mkdf-st-background-text-803\" data-font-size=\"180px\" data-horizontal-offset=\"38px\" data-vertical-offset=\"-37px\"><br>\nexcepcional            <\/var><\/p>\n<h2>\n            Tu marca<\/h2>\n<h4><strong>\u00abWE ENSURE THE SUCCESS OF YOUR BRAND, BECAUSE WE HAVE A POWERFUL TEAM THAT WILL CREATE PRODUCTS ADAPTED TO YOUR NEEDS\u00bb&nbsp;<\/strong><\/h4>\n<p>We love cosmetics, color, and the well-being of each person. We create modern and exceptional cosmetic brands.<\/p>\n<p>Your brand, with Imaginary Colors, <strong>from the initial idea to the final delivery<\/strong> of the finished product.<\/p>\n<ul>\n<li>We <strong>certify production<\/strong> in each project<\/li>\n<li>Complete <strong>marketing and graphic design<\/strong> team<\/li>\n<li>Warehouses and <strong>high performance logistics<\/strong><\/li>\n<\/ul>\n<p>Don&#8217;t wait any longer, we want to<strong> start creating your exceptional brand.<\/strong><\/p>\n<h3 style=\"text-align: center;\">CREATE YOUR BRAND NOW WITH IMAGINARY<\/h3>\n<p role=\"status\" aria-live=\"polite\" aria-atomic=\"true\">\n<\/p><ul><\/ul>\n<form action=\"\/wp-admin\/admin-ajax.php#wpcf7-f6753-o1\" method=\"post\" aria-label=\"Formulario de contacto\" novalidate=\"novalidate\" data-status=\"init\">\n<input type=\"hidden\" name=\"_wpcf7\" value=\"6753\"><br>\n<input type=\"hidden\" name=\"_wpcf7_version\" value=\"5.7.4\"><br>\n<input type=\"hidden\" name=\"_wpcf7_locale\" value=\"es_ES\"><br>\n<input type=\"hidden\" name=\"_wpcf7_unit_tag\" value=\"wpcf7-f6753-o1\"><br>\n<input type=\"hidden\" name=\"_wpcf7_container_post\" value=\"0\"><br>\n<input type=\"hidden\" name=\"_wpcf7_posted_data_hash\" value=\"\"><br>\n<input type=\"hidden\" name=\"_wpcf7_recaptcha_response\" value=\"\"><p><\/p>\n<p>Rellena tus datos para empezar a <strong>CREAR TU MARCA<\/strong>:<\/p>\n<p><label> Tu nombre<br>\n<input size=\"40\" aria-required=\"true\" aria-invalid=\"false\" value=\"\" type=\"text\" name=\"your-name\"> <\/label><\/p>\n<p><label> Tu correo electr\u00f3nico<br>\n<input size=\"40\" aria-required=\"true\" aria-invalid=\"false\" value=\"\" type=\"email\" name=\"your-email\"> <\/label><\/p>\n<p><label> Tu tel\u00e9fono<br>\n<input size=\"40\" aria-invalid=\"false\" value=\"\" type=\"text\" name=\"your-phone\"> <\/label><\/p>\n<p><label> \u00bfCu\u00e1l es la idea de <strong>TU MARCA<\/strong> y sus <strong>OBJETIVOS<\/strong>?<br>\n<textarea cols=\"40\" rows=\"10\" aria-invalid=\"false\" name=\"your-message\"><\/textarea> <\/label><\/p>\n<p><label><input type=\"checkbox\" name=\"acceptance-967\" value=\"1\" aria-invalid=\"false\">He le\u00eddo y acepto la <a href=\"https:\/\/www.theimaginarycolors.com\/politica-privacidad\/\" target=\"_blank\" rel=\"noopener\">Pol\u00edtica de Privacidad<\/a><\/label><\/p>\n<p>Le informamos que de conformidad con el Decreto Legislativo 30 de junio de 2003, n.196 \u2013 C\u00f3digo de protecci\u00f3n de datos personales \u2013 se toman todas las precauciones para proteger la privacidad y la privacidad de los visitantes. Los datos recopilados mediante este formulario de contacto no se utilizar\u00e1n fuera del intercambio habitual \/ posible de informaci\u00f3n entre este sitio web y el propietario de las direcciones de correo electr\u00f3nico, es decir, una p\u00e1gina de contacto con informaci\u00f3n b\u00e1sica y una forma de contacto.<\/p>\n<p><input type=\"submit\" value=\"Enviar\"><\/p>\n<p style=\"display: none !important;\"><label>\u0394<textarea name=\"_wpcf7_ak_hp_textarea\" cols=\"45\" rows=\"8\" maxlength=\"100\"><\/textarea><\/label><input type=\"hidden\" id=\"ak_js_1\" name=\"_wpcf7_ak_js\" value=\"47\"><\/p>\n<\/form>\t\t\t\t\t\t\t\t<\/div>\n\t\t\t\t<\/div>\n\t\t\t\t\t<\/div>\n\t\t<\/div>\n\t\t\t\t\t<\/div>\n\t\t<\/section>\n\t\t\t\t<\/div>\n\t\t","protected":false},"excerpt":{"rendered":"<p>Fabricamos? \u00bfSab\u00edas que \u00abIMAGINARY COLORS IS A LEADER IN THE THIRD-PARTY MANUFACTURING FIELD. WE HAVE OUR OWN LABORATORY TO CREATE YOUR BRAND AND PRODUCTS\u00bb&nbsp; With more than 75 years of experience as a cosmetics laboratory, our production process allows us [&hellip;]<\/p>\n","protected":false},"author":1,"featured_media":0,"parent":0,"menu_order":3,"comment_status":"closed","ping_status":"closed","template":"full-width.php","meta":{"footnotes":""},"class_list":["post-7223","page","type-page","status-publish","hentry"],"yoast_head":"<!-- This site is optimized with the Yoast SEO plugin v27.2 - https:\/\/yoast.com\/product\/yoast-seo-wordpress\/ -->\n<title>Manufacturer - Imaginary Colors<\/title>\n<meta name=\"robots\" content=\"index, follow, max-snippet:-1, max-image-preview:large, max-video-preview:-1\" \/>\n<link rel=\"canonical\" href=\"https:\/\/www.theimaginarycolors.com\/ru\/manufacturer\/\" \/>\n<meta property=\"og:locale\" content=\"ru_RU\" \/>\n<meta property=\"og:type\" content=\"article\" \/>\n<meta property=\"og:title\" content=\"Manufacturer - Imaginary Colors\" \/>\n<meta property=\"og:description\" content=\"Fabricamos? \u00bfSab\u00edas que \u00abIMAGINARY COLORS IS A LEADER IN THE THIRD-PARTY MANUFACTURING FIELD. WE HAVE OUR OWN LABORATORY TO CREATE YOUR BRAND AND PRODUCTS\u00bb&nbsp; With more than 75 years of experience as a cosmetics laboratory, our production process allows us [&hellip;]\" \/>\n<meta property=\"og:url\" content=\"https:\/\/www.theimaginarycolors.com\/ru\/manufacturer\/\" \/>\n<meta property=\"og:site_name\" content=\"Imaginary Colors\" \/>\n<meta property=\"article:modified_time\" content=\"2024-04-03T11:58:31+00:00\" \/>\n<meta property=\"og:image\" content=\"https:\/\/www.theimaginarycolors.com\/wp-content\/uploads\/2021\/01\/imaginary01.png\" \/>\n\t<meta property=\"og:image:width\" content=\"1701\" \/>\n\t<meta property=\"og:image:height\" content=\"425\" \/>\n\t<meta property=\"og:image:type\" content=\"image\/png\" \/>\n<meta name=\"twitter:card\" content=\"summary_large_image\" \/>\n<meta name=\"twitter:label1\" content=\"\u041f\u0440\u0438\u043c\u0435\u0440\u043d\u043e\u0435 \u0432\u0440\u0435\u043c\u044f \u0434\u043b\u044f \u0447\u0442\u0435\u043d\u0438\u044f\" \/>\n\t<meta name=\"twitter:data1\" content=\"2 \u043c\u0438\u043d\u0443\u0442\u044b\" \/>\n<script type=\"application\/ld+json\" class=\"yoast-schema-graph\">{\"@context\":\"https:\/\/schema.org\",\"@graph\":[{\"@type\":\"WebPage\",\"@id\":\"https:\/\/www.theimaginarycolors.com\/ru\/manufacturer\/\",\"url\":\"https:\/\/www.theimaginarycolors.com\/ru\/manufacturer\/\",\"name\":\"Manufacturer - Imaginary Colors\",\"isPartOf\":{\"@id\":\"https:\/\/www.theimaginarycolors.com\/ru\/#website\"},\"datePublished\":\"2023-06-07T12:45:37+00:00\",\"dateModified\":\"2024-04-03T11:58:31+00:00\",\"breadcrumb\":{\"@id\":\"https:\/\/www.theimaginarycolors.com\/ru\/manufacturer\/#breadcrumb\"},\"inLanguage\":\"ru-RU\",\"potentialAction\":[{\"@type\":\"ReadAction\",\"target\":[\"https:\/\/www.theimaginarycolors.com\/ru\/manufacturer\/\"]}]},{\"@type\":\"BreadcrumbList\",\"@id\":\"https:\/\/www.theimaginarycolors.com\/ru\/manufacturer\/#breadcrumb\",\"itemListElement\":[{\"@type\":\"ListItem\",\"position\":1,\"name\":\"Portada\",\"item\":\"https:\/\/www.theimaginarycolors.com\/ru\/\"},{\"@type\":\"ListItem\",\"position\":2,\"name\":\"Manufacturer\"}]},{\"@type\":\"WebSite\",\"@id\":\"https:\/\/www.theimaginarycolors.com\/ru\/#website\",\"url\":\"https:\/\/www.theimaginarycolors.com\/ru\/\",\"name\":\"Imaginary Colors\",\"description\":\"\",\"publisher\":{\"@id\":\"https:\/\/www.theimaginarycolors.com\/ru\/#organization\"},\"potentialAction\":[{\"@type\":\"SearchAction\",\"target\":{\"@type\":\"EntryPoint\",\"urlTemplate\":\"https:\/\/www.theimaginarycolors.com\/ru\/?s={search_term_string}\"},\"query-input\":{\"@type\":\"PropertyValueSpecification\",\"valueRequired\":true,\"valueName\":\"search_term_string\"}}],\"inLanguage\":\"ru-RU\"},{\"@type\":\"Organization\",\"@id\":\"https:\/\/www.theimaginarycolors.com\/ru\/#organization\",\"name\":\"Imaginary Colors\",\"alternateName\":\"Imaginary Colors\",\"url\":\"https:\/\/www.theimaginarycolors.com\/ru\/\",\"logo\":{\"@type\":\"ImageObject\",\"inLanguage\":\"ru-RU\",\"@id\":\"https:\/\/www.theimaginarycolors.com\/ru\/#\/schema\/logo\/image\/\",\"url\":\"https:\/\/www.theimaginarycolors.com\/wp-content\/uploads\/2021\/01\/imaginary01.png\",\"contentUrl\":\"https:\/\/www.theimaginarycolors.com\/wp-content\/uploads\/2021\/01\/imaginary01.png\",\"width\":1701,\"height\":425,\"caption\":\"Imaginary Colors\"},\"image\":{\"@id\":\"https:\/\/www.theimaginarycolors.com\/ru\/#\/schema\/logo\/image\/\"},\"sameAs\":[\"https:\/\/www.instagram.com\/imaginarycolorsproductos\/\"]}]}<\/script>\n<!-- \/ Yoast SEO plugin. -->","yoast_head_json":{"title":"Manufacturer - Imaginary Colors","robots":{"index":"index","follow":"follow","max-snippet":"max-snippet:-1","max-image-preview":"max-image-preview:large","max-video-preview":"max-video-preview:-1"},"canonical":"https:\/\/www.theimaginarycolors.com\/ru\/manufacturer\/","og_locale":"ru_RU","og_type":"article","og_title":"Manufacturer - Imaginary Colors","og_description":"Fabricamos? \u00bfSab\u00edas que \u00abIMAGINARY COLORS IS A LEADER IN THE THIRD-PARTY MANUFACTURING FIELD. WE HAVE OUR OWN LABORATORY TO CREATE YOUR BRAND AND PRODUCTS\u00bb&nbsp; With more than 75 years of experience as a cosmetics laboratory, our production process allows us [&hellip;]","og_url":"https:\/\/www.theimaginarycolors.com\/ru\/manufacturer\/","og_site_name":"Imaginary Colors","article_modified_time":"2024-04-03T11:58:31+00:00","og_image":[{"width":1701,"height":425,"url":"https:\/\/www.theimaginarycolors.com\/wp-content\/uploads\/2021\/01\/imaginary01.png","type":"image\/png"}],"twitter_card":"summary_large_image","twitter_misc":{"\u041f\u0440\u0438\u043c\u0435\u0440\u043d\u043e\u0435 \u0432\u0440\u0435\u043c\u044f \u0434\u043b\u044f \u0447\u0442\u0435\u043d\u0438\u044f":"2 \u043c\u0438\u043d\u0443\u0442\u044b"},"schema":{"@context":"https:\/\/schema.org","@graph":[{"@type":"WebPage","@id":"https:\/\/www.theimaginarycolors.com\/ru\/manufacturer\/","url":"https:\/\/www.theimaginarycolors.com\/ru\/manufacturer\/","name":"Manufacturer - Imaginary Colors","isPartOf":{"@id":"https:\/\/www.theimaginarycolors.com\/ru\/#website"},"datePublished":"2023-06-07T12:45:37+00:00","dateModified":"2024-04-03T11:58:31+00:00","breadcrumb":{"@id":"https:\/\/www.theimaginarycolors.com\/ru\/manufacturer\/#breadcrumb"},"inLanguage":"ru-RU","potentialAction":[{"@type":"ReadAction","target":["https:\/\/www.theimaginarycolors.com\/ru\/manufacturer\/"]}]},{"@type":"BreadcrumbList","@id":"https:\/\/www.theimaginarycolors.com\/ru\/manufacturer\/#breadcrumb","itemListElement":[{"@type":"ListItem","position":1,"name":"Portada","item":"https:\/\/www.theimaginarycolors.com\/ru\/"},{"@type":"ListItem","position":2,"name":"Manufacturer"}]},{"@type":"WebSite","@id":"https:\/\/www.theimaginarycolors.com\/ru\/#website","url":"https:\/\/www.theimaginarycolors.com\/ru\/","name":"Imaginary Colors","description":"","publisher":{"@id":"https:\/\/www.theimaginarycolors.com\/ru\/#organization"},"potentialAction":[{"@type":"SearchAction","target":{"@type":"EntryPoint","urlTemplate":"https:\/\/www.theimaginarycolors.com\/ru\/?s={search_term_string}"},"query-input":{"@type":"PropertyValueSpecification","valueRequired":true,"valueName":"search_term_string"}}],"inLanguage":"ru-RU"},{"@type":"Organization","@id":"https:\/\/www.theimaginarycolors.com\/ru\/#organization","name":"Imaginary Colors","alternateName":"Imaginary Colors","url":"https:\/\/www.theimaginarycolors.com\/ru\/","logo":{"@type":"ImageObject","inLanguage":"ru-RU","@id":"https:\/\/www.theimaginarycolors.com\/ru\/#\/schema\/logo\/image\/","url":"https:\/\/www.theimaginarycolors.com\/wp-content\/uploads\/2021\/01\/imaginary01.png","contentUrl":"https:\/\/www.theimaginarycolors.com\/wp-content\/uploads\/2021\/01\/imaginary01.png","width":1701,"height":425,"caption":"Imaginary Colors"},"image":{"@id":"https:\/\/www.theimaginarycolors.com\/ru\/#\/schema\/logo\/image\/"},"sameAs":["https:\/\/www.instagram.com\/imaginarycolorsproductos\/"]}]}},"_links":{"self":[{"href":"https:\/\/www.theimaginarycolors.com\/ru\/wp-json\/wp\/v2\/pages\/7223","targetHints":{"allow":["GET"]}}],"collection":[{"href":"https:\/\/www.theimaginarycolors.com\/ru\/wp-json\/wp\/v2\/pages"}],"about":[{"href":"https:\/\/www.theimaginarycolors.com\/ru\/wp-json\/wp\/v2\/types\/page"}],"author":[{"embeddable":true,"href":"https:\/\/www.theimaginarycolors.com\/ru\/wp-json\/wp\/v2\/users\/1"}],"replies":[{"embeddable":true,"href":"https:\/\/www.theimaginarycolors.com\/ru\/wp-json\/wp\/v2\/comments?post=7223"}],"version-history":[{"count":7,"href":"https:\/\/www.theimaginarycolors.com\/ru\/wp-json\/wp\/v2\/pages\/7223\/revisions"}],"predecessor-version":[{"id":7873,"href":"https:\/\/www.theimaginarycolors.com\/ru\/wp-json\/wp\/v2\/pages\/7223\/revisions\/7873"}],"wp:attachment":[{"href":"https:\/\/www.theimaginarycolors.com\/ru\/wp-json\/wp\/v2\/media?parent=7223"}],"curies":[{"name":"wp","href":"https:\/\/api.w.org\/{rel}","templated":true}]}}